{"id":17,"date":"2026-02-08T20:23:34","date_gmt":"2026-02-08T19:23:34","guid":{"rendered":"https:\/\/kite-normandie.fr\/?page_id=17"},"modified":"2026-04-08T15:57:39","modified_gmt":"2026-04-08T13:57:39","slug":"presentation","status":"publish","type":"page","link":"https:\/\/kite-normandie.fr\/presentation\/","title":{"rendered":"Pr\u00e9sentation"},"content":{"rendered":"\n<p><strong>Le PKN vous accueille toute l\u2019ann\u00e9e pour des cours de kitesurf, des entra\u00eenements et de la formation.<\/strong><\/p>\n\n\n\n<h2 class=\"wp-block-heading\"><br>Moyens humains :<\/h2>\n\n\n\n<p>Moniteur dipl\u00f4m\u00e9 d\u2019un DEJEPS Glisses A\u00e9rotract\u00e9es Nautiques,<br>Corentin vous accueillera avec enthousiasme et professionnalisme.<\/p>\n\n\n\n<h2 class=\"wp-block-heading\"><br>Moyens mat\u00e9riels :<\/h2>\n\n\n\n<p><br>Le P\u00f4le est \u00e9quip\u00e9 d\u2019un camion permettant de se d\u00e9placer sur diff\u00e9rents spots en fonction des mar\u00e9es. D\u2019un<br>bateau pour les entra\u00eenements, les initiations de foil et les cours de kitesurf dans certaines conditions m\u00e9t\u00e9o<br>(vent offshore).<\/p>\n\n\n\n<p><br>Un parc d\u2019une dizaine d\u2019ailes de kitesurf de la marque CORE ainsi que tout l\u2019\u00e9quipement individuel<br>n\u00e9cessaire (casques, radios, combinaisons n\u00e9opr\u00e8ne, gilets et harnais) permettent d\u2019assurer l\u2019initiation de<br>maximum 4 \u00e9l\u00e8ves simultan\u00e9ment. Tout le matos fournis est neuf de l\u2019ann\u00e9e!<\/p>\n\n\n\n<h2 class=\"wp-block-heading\"><br>Organisation :<\/h2>\n\n\n\n<p><br>Au maximum 4 personnes par s\u00e9ance de cours (initiation, coaching), 8 personnes par formation et 10 par<br>entra\u00eenement. Les s\u00e9ances d\u2019initiation durent 3 heures en tout.<\/p>\n\n\n\n<p><br>Les cours sont dispens\u00e9s sur 4 spots principaux : le premier sur la plage de Gouville-Sur-Mer en face du<br>camping, puis la plage d\u2019Agon Coutainville (pr\u00e8s de l\u2019\u00e9cole de voile), le havre de Blainville-Sur-Mer et la<br>plage d\u2019Anneville-Sur-Mer. Les initiations foil se d\u00e9roulent en pleine eau.<\/p>\n\n\n\n<h2 class=\"wp-block-heading\"><br>Assurance Responsabilit\u00e9 Civileobligatoire :<\/h2>\n\n\n\n<p><br>Une assurance Responsabilit\u00e9 Civile est obligatoire pour toutes les activit\u00e9s propos\u00e9es. Elle couvre les<br>dommages que vous pouvez occasionner aux autres. Si votre assurance couvre le kitesurf, merci de venir avec<br>un certificat pr\u00e9cisant que votre RC couvre cette activit\u00e9.<\/p>\n\n\n\n<p><br>Attention, tr\u00e8s peu d\u2019assurances prennent en charge le kitesurf dans leurs contrats standards.<\/p>\n\n\n\n<p><br>L\u2019\u00e9cole P\u00f4le Kitesurf Normandie est affili\u00e9e \u00e0 l\u2019AFKite (Association Fran\u00e7aise Kite), vous pouvez ainsi avant<br>votre stage prendre votre assurance \u00e9l\u00e8ve en ligne, valable 365 jours dans le monde entier, au tarif de 20 \u20ac.<br>Si vous pensez \u00eatre amen\u00e9 \u00e0 pratiquer en dehors d\u2019une \u00e9cole souscrivez l\u2019assurance pratiquant \u00e0 26 \u20ac.<\/p>\n\n\n\n<p><br><em>Gagnez du temps en souscrivant en ligne avant votre stage :<\/em><br><br>Cliquez sur le lien sous le logo AFKITE et suivez les instructions. Vous recevrez instantan\u00e9ment votre<br>attestation par mail. Avec cette souscription, il vous est possible d\u2019adapter la date de prise d\u2019effet au premier<br>jour de votre activit\u00e9 ou toute autre date choisie afin de profiter r\u00e9ellement des 365 jours de couverture<br>pleine.<\/p>\n\n\n\n<p><br>http:\/\/www.air-assurances.com\/formafkite.asp?ecole=50405<\/p>\n\n\n\n<h2 class=\"wp-block-heading\"><br>Assurance Individuelle Accident facultative <\/h2>\n\n\n\n<p><br>L\u2019assurance Responsabilit\u00e9 Civile ne couvre que les dommages que vous cr\u00e9ez aux autres, pas \u00e0 vous m\u00eame.<\/p>\n\n\n\n<p><br>L\u2019assurance Individuelle Accident vous couvre pour les dommages corporels que vous \u00eates susceptible de<br>vous causer \u00e0 vous-m\u00eame ainsi que le pr\u00e9judice p\u00e9cunier qui en d\u00e9coule suite \u00e0 l\u2019arr\u00eat momentan\u00e9 de votre<br>activit\u00e9 professionnelle.<\/p>\n\n\n\n<p><br>Le kitesurf est consid\u00e9r\u00e9 comme un sport extr\u00eame. Il est donc conseill\u00e9 de souscrire \u00e9galement \u00e0 une<br>individuelle accident couvrant vos dommages personnels (+30\u20ac) et le rapatriement (+4 \u20ac) qui vous est<br>propos\u00e9e sur le m\u00eame lien que la RC.<\/p>\n\n\n\n<h2 class=\"wp-block-heading\">Avantage li\u00e9 \u00e0 l\u2019adh\u00e9sion \u00e0 l\u2019AFKite : le KITEPASS<\/h2>\n\n\n\n<p>Au-del\u00e0 d\u2019\u00eatre assur\u00e9 en responsabilit\u00e9 civile, notre \u00e9cole vous fournira un kitepass, c\u2019est \u00e0 dire une carte de<br>niveau qui vous permettra de suivre votre progression. Cette carte est reconnue dans le monde entier dans<br>les centre IKO et vous permettra d\u2019attester votre niveau aupr\u00e8s d\u2019autres \u00e9coles fran\u00e7aises ou \u00e0 lors de vos<br>voyages \u00e0 l\u2019\u00e9tranger.<\/p>\n\n\n\n<p><br>kitepass<\/p>\n\n\n\n<p>Pour plus d\u2019informations, t\u00e9l\u00e9chargez la notice :<br>http:\/\/webaction-saam.leaderinfo.com\/Documentation\/saam\/safkd\/Notice_infos_AFKITE.pdf<br><\/p>\n\n\n\n<h2 class=\"wp-block-heading\">Que prendre ?<\/h2>\n\n\n\n<p>Apportez des chaussons n\u00e9opr\u00e8ne ou de vieilles tennis \u00e0 votre taille, une bouteille d\u2019eau, des lunettes de<br>soleil et de quoi les accrocher, de la cr\u00e8me solaire (si, si) \u2026 et le reste de l\u2019\u00e9quipement vous est fourni !<\/p>\n\n\n\n<p><br>N\u2019oubliez pas votre certificat d\u2019assurance Responsabilit\u00e9 Civile qui couvre le Kitesurf !<\/p>\n\n\n\n<h2 class=\"wp-block-heading\"><br>H\u00e9bergements ?<\/h2>\n\n\n\n<p><br>Sur demande des contacts h\u00e9bergement peuvent \u00eatre fournis sur diff\u00e9rents types de prestations<\/p>\n","protected":false},"excerpt":{"rendered":"<p>Le PKN vous accueille toute l\u2019ann\u00e9e pour des cours de kitesurf, des entra\u00eenements et de la formation. Moyens humains : Moniteur dipl\u00f4m\u00e9 d\u2019un DEJEPS Glisses A\u00e9rotract\u00e9es Nautiques,Corentin vous accueillera avec enthousiasme et professionnalisme. Moyens mat\u00e9riels : Le P\u00f4le est \u00e9quip\u00e9 d\u2019un camion permettant de se d\u00e9placer sur diff\u00e9rents spots en fonction des mar\u00e9es. D\u2019unbateau pour [&hellip;]<\/p>\n","protected":false},"author":1,"featured_media":0,"parent":0,"menu_order":0,"comment_status":"closed","ping_status":"closed","template":"","meta":{"footnotes":""},"class_list":["post-17","page","type-page","status-publish","czr-hentry"],"_links":{"self":[{"href":"https:\/\/kite-normandie.fr\/wp-json\/wp\/v2\/pages\/17","targetHints":{"allow":["GET"]}}],"collection":[{"href":"https:\/\/kite-normandie.fr\/wp-json\/wp\/v2\/pages"}],"about":[{"href":"https:\/\/kite-normandie.fr\/wp-json\/wp\/v2\/types\/page"}],"author":[{"embeddable":true,"href":"https:\/\/kite-normandie.fr\/wp-json\/wp\/v2\/users\/1"}],"replies":[{"embeddable":true,"href":"https:\/\/kite-normandie.fr\/wp-json\/wp\/v2\/comments?post=17"}],"version-history":[{"count":4,"href":"https:\/\/kite-normandie.fr\/wp-json\/wp\/v2\/pages\/17\/revisions"}],"predecessor-version":[{"id":103,"href":"https:\/\/kite-normandie.fr\/wp-json\/wp\/v2\/pages\/17\/revisions\/103"}],"wp:attachment":[{"href":"https:\/\/kite-normandie.fr\/wp-json\/wp\/v2\/media?parent=17"}],"curies":[{"name":"wp","href":"https:\/\/api.w.org\/{rel}","templated":true}]}}